{"id":242,"date":"2024-10-14T07:29:40","date_gmt":"2024-10-14T07:29:40","guid":{"rendered":"https:\/\/globalcustomersynergy.com\/?page_id=242"},"modified":"2024-10-14T09:53:23","modified_gmt":"2024-10-14T09:53:23","slug":"extincteurs","status":"publish","type":"page","link":"https:\/\/globalcustomersynergy.com\/index.php\/extincteurs\/","title":{"rendered":"Extincteurs"},"content":{"rendered":"\t\t<div data-elementor-type=\"wp-page\" data-elementor-id=\"242\" class=\"elementor elementor-242\">\n\t\t\t\t<div class=\"elementor-element elementor-element-acb5574 e-flex e-con-boxed e-con e-parent\" data-id=\"acb5574\" data-element_type=\"container\" data-e-type=\"container\">\n\t\t\t\t\t<div class=\"e-con-inner\">\n\t\t\t\t<div class=\"elementor-element elementor-element-07c7308 elementor-widget elementor-widget-heading\" data-id=\"07c7308\" data-element_type=\"widget\" data-e-type=\"widget\" data-widget_type=\"heading.default\">\n\t\t\t\t<div class=\"elementor-widget-container\">\n\t\t\t\t\t<h2 class=\"elementor-heading-title elementor-size-default\">Extincteurs et Arroseurs Automatiques<\/h2>\t\t\t\t<\/div>\n\t\t\t\t<\/div>\n\t\t\t\t\t<\/div>\n\t\t\t\t<\/div>\n\t\t<div class=\"elementor-element elementor-element-b95ade5 e-flex e-con-boxed e-con e-parent\" data-id=\"b95ade5\" data-element_type=\"container\" data-e-type=\"container\">\n\t\t\t\t\t<div class=\"e-con-inner\">\n\t\t\t\t<div class=\"elementor-element elementor-element-f78dae6 elementor-widget elementor-widget-text-editor\" data-id=\"f78dae6\" data-element_type=\"widget\" data-e-type=\"widget\" data-widget_type=\"text-editor.default\">\n\t\t\t\t<div class=\"elementor-widget-container\">\n\t\t\t\t\t\t\t\t\t<p>Chez GLOBAL CUSTOMER SYNERGY, nous proposons une gamme compl\u00e8te de solutions de protection incendie, incluant :<br><br>Fourniture d&rsquo;Extincteurs et d&rsquo;Arroseurs Automatiques :<br><br>Nos syst\u00e8mes d&rsquo;arroseurs automatiques peuvent varier en fonction de vos besoins :<br>Arroseurs automatiques \u00e0 fonctionnement classique : Id\u00e9aux pour diverses applications<br>Arroseurs \u00e0 d\u00e9tection pr\u00e9coce : Con\u00e7us pour une r\u00e9action rapide<br>Syst\u00e8mes de gicleurs sp\u00e9cialis\u00e9s : Adapt\u00e9s \u00e0 des environnements particuliers<br>Nous fournissons \u00e9galement une s\u00e9lection d&rsquo;extincteurs de diff\u00e9rents types<br>Fourniture d&rsquo;Extincteurs et de Tuyaux d&rsquo;Incendie :<br><br>Notre \u00e9quipe de professionnels vous aide \u00e0 choisir l&rsquo;\u00e9quipement de pr\u00e9vention incendie adapt\u00e9 \u00e0 vos besoins et \u00e0 votre budget<br>Nous offrons une gamme d&rsquo;extincteurs, de tuyaux d&rsquo;incendie, et d&rsquo;accessoires garantissant une protection optimale<br>Tous nos produits s&rsquo;accompagnent d&rsquo;un programme de maintenance pour assurer leur efficacit\u00e9 \u00e0 long terme, et nos sp\u00e9cialistes sont l\u00e0 pour vous aider \u00e0 trouver la solution la plus appropri\u00e9e \u00e0 votre situation.<br><\/p>\t\t\t\t\t\t\t\t<\/div>\n\t\t\t\t<\/div>\n\t\t\t\t<div class=\"elementor-element elementor-element-3daa5b4 elementor-widget elementor-widget-text-editor\" data-id=\"3daa5b4\" data-element_type=\"widget\" data-e-type=\"widget\" data-widget_type=\"text-editor.default\">\n\t\t\t\t<div class=\"elementor-widget-container\">\n\t\t\t\t\t\t\t\t\t<p>Nous vous sugg\u00e9rons pour tous vos besoins en mati\u00e8re d&rsquo;extincteurs et arroseurs automatiques une gamme compl\u00e8te de services incluant la soumission avec \u00e9valuation de vos besoins en \u00e9quipements, la conception de solutions adapt\u00e9es, l&rsquo;installation professionnelle de vos syst\u00e8mes de s\u00e9curit\u00e9, ainsi que l&rsquo;inspection et l&rsquo;entretien r\u00e9gulier pour assurer un contr\u00f4le et une maintenance optimale de vos \u00e9quipements.<\/p>\t\t\t\t\t\t\t\t<\/div>\n\t\t\t\t<\/div>\n\t\t\t\t\t<\/div>\n\t\t\t\t<\/div>\n\t\t<div class=\"elementor-element elementor-element-682e6e0 e-grid e-con-boxed e-con e-parent\" data-id=\"682e6e0\" data-element_type=\"container\" data-e-type=\"container\">\n\t\t\t\t\t<div class=\"e-con-inner\">\n\t\t\t\t<div class=\"elementor-element elementor-element-988103e elementor-widget elementor-widget-image\" data-id=\"988103e\" data-element_type=\"widget\" data-e-type=\"widget\" data-widget_type=\"image.default\">\n\t\t\t\t<div class=\"elementor-widget-container\">\n\t\t\t\t\t\t\t\t\t\t\t\t\t\t\t<img fetchpriority=\"high\" decoding=\"async\" width=\"417\" height=\"380\" src=\"https:\/\/globalcustomersynergy.com\/wp-content\/uploads\/2024\/10\/4a0b4-gicleur-f.png\" class=\"attachment-large size-large wp-image-269\" alt=\"\" srcset=\"https:\/\/globalcustomersynergy.com\/wp-content\/uploads\/2024\/10\/4a0b4-gicleur-f.png 417w, https:\/\/globalcustomersynergy.com\/wp-content\/uploads\/2024\/10\/4a0b4-gicleur-f-300x273.png 300w\" sizes=\"(max-width: 417px) 100vw, 417px\" \/>\t\t\t\t\t\t\t\t\t\t\t\t\t\t\t<\/div>\n\t\t\t\t<\/div>\n\t\t\t\t<div class=\"elementor-element elementor-element-3510f25 elementor-widget elementor-widget-image\" data-id=\"3510f25\" data-element_type=\"widget\" data-e-type=\"widget\" data-widget_type=\"image.default\">\n\t\t\t\t<div class=\"elementor-widget-container\">\n\t\t\t\t\t\t\t\t\t\t\t\t\t\t\t<img decoding=\"async\" width=\"433\" height=\"577\" src=\"https:\/\/globalcustomersynergy.com\/wp-content\/uploads\/2024\/10\/IMG_20190725_080754-removebg-preview.png\" class=\"attachment-large size-large wp-image-276\" alt=\"\" srcset=\"https:\/\/globalcustomersynergy.com\/wp-content\/uploads\/2024\/10\/IMG_20190725_080754-removebg-preview.png 433w, https:\/\/globalcustomersynergy.com\/wp-content\/uploads\/2024\/10\/IMG_20190725_080754-removebg-preview-225x300.png 225w\" sizes=\"(max-width: 433px) 100vw, 433px\" \/>\t\t\t\t\t\t\t\t\t\t\t\t\t\t\t<\/div>\n\t\t\t\t<\/div>\n\t\t\t\t\t<\/div>\n\t\t\t\t<\/div>\n\t\t<div class=\"elementor-element elementor-element-ce8ec70 e-flex e-con-boxed e-con e-parent\" data-id=\"ce8ec70\" data-element_type=\"container\" data-e-type=\"container\">\n\t\t\t\t\t<div class=\"e-con-inner\">\n\t\t\t\t<div class=\"elementor-element elementor-element-0dac198 elementor-widget elementor-widget-image\" data-id=\"0dac198\" data-element_type=\"widget\" data-e-type=\"widget\" data-widget_type=\"image.default\">\n\t\t\t\t<div class=\"elementor-widget-container\">\n\t\t\t\t\t\t\t\t\t\t\t\t\t\t\t<img decoding=\"async\" width=\"432\" height=\"577\" src=\"https:\/\/globalcustomersynergy.com\/wp-content\/uploads\/2024\/10\/IMG-20201123-WA0009-removebg-preview.png\" class=\"attachment-large size-large wp-image-289\" alt=\"\" srcset=\"https:\/\/globalcustomersynergy.com\/wp-content\/uploads\/2024\/10\/IMG-20201123-WA0009-removebg-preview.png 432w, https:\/\/globalcustomersynergy.com\/wp-content\/uploads\/2024\/10\/IMG-20201123-WA0009-removebg-preview-225x300.png 225w\" sizes=\"(max-width: 432px) 100vw, 432px\" \/>\t\t\t\t\t\t\t\t\t\t\t\t\t\t\t<\/div>\n\t\t\t\t<\/div>\n\t\t\t\t\t<\/div>\n\t\t\t\t<\/div>\n\t\t\t\t<\/div>\n\t\t","protected":false},"excerpt":{"rendered":"<p>Extincteurs et Arroseurs Automatiques Chez GLOBAL CUSTOMER SYNERGY, nous proposons une gamme compl\u00e8te de solutions de protection incendie, incluant : Fourniture d&rsquo;Extincteurs et d&rsquo;Arroseurs Automatiques : Nos syst\u00e8mes d&rsquo;arroseurs automatiques peuvent varier en fonction de vos besoins :Arroseurs automatiques \u00e0 fonctionnement classique : Id\u00e9aux pour diverses applicationsArroseurs \u00e0 d\u00e9tection pr\u00e9coce : Con\u00e7us pour une r\u00e9action [&hellip;]<\/p>\n","protected":false},"author":1,"featured_media":0,"parent":0,"menu_order":0,"comment_status":"closed","ping_status":"closed","template":"","meta":{"saved_in_kubio":false,"footnotes":""},"class_list":["post-242","page","type-page","status-publish","hentry","entry"],"kubio_ai_page_context":{"short_desc":"","purpose":"general"},"_links":{"self":[{"href":"https:\/\/globalcustomersynergy.com\/index.php\/wp-json\/wp\/v2\/pages\/242","targetHints":{"allow":["GET"]}}],"collection":[{"href":"https:\/\/globalcustomersynergy.com\/index.php\/wp-json\/wp\/v2\/pages"}],"about":[{"href":"https:\/\/globalcustomersynergy.com\/index.php\/wp-json\/wp\/v2\/types\/page"}],"author":[{"embeddable":true,"href":"https:\/\/globalcustomersynergy.com\/index.php\/wp-json\/wp\/v2\/users\/1"}],"replies":[{"embeddable":true,"href":"https:\/\/globalcustomersynergy.com\/index.php\/wp-json\/wp\/v2\/comments?post=242"}],"version-history":[{"count":25,"href":"https:\/\/globalcustomersynergy.com\/index.php\/wp-json\/wp\/v2\/pages\/242\/revisions"}],"predecessor-version":[{"id":292,"href":"https:\/\/globalcustomersynergy.com\/index.php\/wp-json\/wp\/v2\/pages\/242\/revisions\/292"}],"wp:attachment":[{"href":"https:\/\/globalcustomersynergy.com\/index.php\/wp-json\/wp\/v2\/media?parent=242"}],"curies":[{"name":"wp","href":"https:\/\/api.w.org\/{rel}","templated":true}]}}