{"id":187,"date":"2024-10-14T05:33:01","date_gmt":"2024-10-14T05:33:01","guid":{"rendered":"https:\/\/globalcustomersynergy.com\/?page_id=187"},"modified":"2024-10-14T07:19:01","modified_gmt":"2024-10-14T07:19:01","slug":"soumission","status":"publish","type":"page","link":"https:\/\/globalcustomersynergy.com\/index.php\/soumission\/","title":{"rendered":"Soumission"},"content":{"rendered":"\t\t<div data-elementor-type=\"wp-page\" data-elementor-id=\"187\" class=\"elementor elementor-187\">\n\t\t\t\t<div class=\"elementor-element elementor-element-4f48afa e-flex e-con-boxed e-con e-parent\" data-id=\"4f48afa\" data-element_type=\"container\" data-e-type=\"container\">\n\t\t\t\t\t<div class=\"e-con-inner\">\n\t\t\t\t<div class=\"elementor-element elementor-element-bd2def6 elementor-widget elementor-widget-wpforms\" data-id=\"bd2def6\" data-element_type=\"widget\" data-e-type=\"widget\" data-widget_type=\"wpforms.default\">\n\t\t\t\t<div class=\"elementor-widget-container\">\n\t\t\t\t\t<div class=\"wpforms-container wpforms-container-full wpforms-render-modern\" id=\"wpforms-221\"><form id=\"wpforms-form-221\" class=\"wpforms-validate wpforms-form wpforms-ajax-form\" data-formid=\"221\" method=\"post\" enctype=\"multipart\/form-data\" action=\"\/index.php\/wp-json\/wp\/v2\/pages\/187\" data-token=\"2f11f57b21fc0d412c5bbfb60d24fef0\" data-token-time=\"1778416519\"><noscript class=\"wpforms-error-noscript\">Veuillez activer JavaScript dans votre navigateur pour remplir ce formulaire.<\/noscript><div id=\"wpforms-error-noscript\" style=\"display: none;\">Veuillez activer JavaScript dans votre navigateur pour remplir ce formulaire.<\/div><div class=\"wpforms-field-container\"><div id=\"wpforms-221-field_8-container\" class=\"wpforms-field wpforms-field-text\" data-field-id=\"8\"><label class=\"wpforms-field-label\" for=\"wpforms-221-field_8\">Nom et Pr\u00e9nom(s) <span class=\"wpforms-required-label\" aria-hidden=\"true\">*<\/span><\/label><input type=\"text\" id=\"wpforms-221-field_8\" class=\"wpforms-field-medium wpforms-field-required\" name=\"wpforms[fields][8]\" aria-errormessage=\"wpforms-221-field_8-error\" required><\/div><div id=\"wpforms-221-field_6-container\" class=\"wpforms-field wpforms-field-number\" data-field-id=\"6\"><label class=\"wpforms-field-label\" for=\"wpforms-221-field_6\">T\u00e9l\u00e9phone <span class=\"wpforms-required-label\" aria-hidden=\"true\">*<\/span><\/label><input type=\"number\" id=\"wpforms-221-field_6\" class=\"wpforms-field-medium wpforms-field-required\" name=\"wpforms[fields][6]\" step=\"any\" aria-errormessage=\"wpforms-221-field_6-error\" required><\/div><div id=\"wpforms-221-field_4-container\" class=\"wpforms-field wpforms-field-email\" data-field-id=\"4\"><label class=\"wpforms-field-label\" for=\"wpforms-221-field_4\">E-mail <span class=\"wpforms-required-label\" aria-hidden=\"true\">*<\/span><\/label><input type=\"email\" id=\"wpforms-221-field_4\" class=\"wpforms-field-medium wpforms-field-required\" name=\"wpforms[fields][4]\" spellcheck=\"false\" aria-errormessage=\"wpforms-221-field_4-error\" required><\/div><div id=\"wpforms-221-field_9-container\" class=\"wpforms-field wpforms-field-select wpforms-field-select-style-classic\" data-field-id=\"9\"><label class=\"wpforms-field-label\" for=\"wpforms-221-field_9\">Type de besoin <span class=\"wpforms-required-label\" aria-hidden=\"true\">*<\/span><\/label><select id=\"wpforms-221-field_9\" class=\"wpforms-field-medium wpforms-field-required\" name=\"wpforms[fields][9]\" required=\"required\"><option value=\"Formation \u00e9vacuation b\u00e2timent\"  class=\"choice-1 depth-1\"  >Formation \u00e9vacuation b\u00e2timent<\/option><option value=\"Formation maniement d&#039;extincteur\"  class=\"choice-2 depth-1\"  >Formation maniement d'extincteur<\/option><option value=\"Services d&#039;entretien \/ installation\"  class=\"choice-3 depth-1\"  >Services d'entretien \/ installation<\/option><option value=\"Fournitures d&#039;\u00e9quipements de protection contres les incendies\"  class=\"choice-5 depth-1\"  >Fournitures d'\u00e9quipements de protection contres les incendies<\/option><option value=\"Fournitures d&#039;\u00e9quipements commerciaux et industriels\"  class=\"choice-6 depth-1\"  >Fournitures d'\u00e9quipements commerciaux et industriels<\/option><option value=\"Autres besoins\"  class=\"choice-4 depth-1\"  >Autres besoins<\/option><\/select><\/div>\t\t<div id=\"wpforms-221-field_1-container\"\n\t\t\tclass=\"wpforms-field wpforms-field-text\"\n\t\t\tdata-field-type=\"text\"\n\t\t\tdata-field-id=\"1\"\n\t\t\t>\n\t\t\t<label class=\"wpforms-field-label\" for=\"wpforms-221-field_1\" >Autres B\u00e2timent de<\/label>\n\t\t\t<input type=\"text\" id=\"wpforms-221-field_1\" class=\"wpforms-field-medium\" name=\"wpforms[fields][1]\" >\n\t\t<\/div>\n\t\t<div id=\"wpforms-221-field_7-container\" class=\"wpforms-field wpforms-field-select wpforms-field-select-style-classic\" data-field-id=\"7\"><label class=\"wpforms-field-label\" for=\"wpforms-221-field_7\">Type de B\u00e2timent<\/label><select id=\"wpforms-221-field_7\" class=\"wpforms-field-medium\" name=\"wpforms[fields][7]\"><option value=\"R\u00e9sidentiel\"  class=\"choice-1 depth-1\"  >R\u00e9sidentiel<\/option><option value=\"Commercial\"  class=\"choice-2 depth-1\"  >Commercial<\/option><option value=\"Institutionnel\"  class=\"choice-3 depth-1\"  >Institutionnel<\/option><option value=\"Industriel\"  class=\"choice-4 depth-1\"  >Industriel<\/option><option value=\"Autre\"  class=\"choice-5 depth-1\"  >Autre<\/option><\/select><\/div><div id=\"wpforms-221-field_11-container\" class=\"wpforms-field wpforms-field-text\" data-field-id=\"11\"><label class=\"wpforms-field-label\" for=\"wpforms-221-field_11\">Emplacement du b\u00e2timent<\/label><input type=\"text\" id=\"wpforms-221-field_11\" class=\"wpforms-field-medium\" name=\"wpforms[fields][11]\" aria-errormessage=\"wpforms-221-field_11-error\" ><\/div><div id=\"wpforms-221-field_12-container\" class=\"wpforms-field wpforms-field-text\" data-field-id=\"12\"><label class=\"wpforms-field-label\" for=\"wpforms-221-field_12\">Autres d\u00e9tails<\/label><input type=\"text\" id=\"wpforms-221-field_12\" class=\"wpforms-field-medium\" name=\"wpforms[fields][12]\" aria-errormessage=\"wpforms-221-field_12-error\" ><\/div><script>\n\t\t\t\t( function() {\n\t\t\t\t\tconst style = document.createElement( 'style' );\n\t\t\t\t\tstyle.appendChild( document.createTextNode( '#wpforms-221-field_1-container { position: absolute !important; overflow: hidden !important; display: inline !important; height: 1px !important; width: 1px !important; z-index: -1000 !important; padding: 0 !important; } #wpforms-221-field_1-container input { visibility: hidden; } #wpforms-conversational-form-page #wpforms-221-field_1-container label { counter-increment: none; }' ) );\n\t\t\t\t\tdocument.head.appendChild( style );\n\t\t\t\t\tdocument.currentScript?.remove();\n\t\t\t\t} )();\n\t\t\t<\/script><\/div><!-- .wpforms-field-container --><div class=\"wpforms-submit-container\" ><input type=\"hidden\" name=\"wpforms[id]\" value=\"221\"><input type=\"hidden\" name=\"page_title\" value=\"\"><input type=\"hidden\" name=\"page_url\" value=\"https:\/\/globalcustomersynergy.com\/index.php\/wp-json\/wp\/v2\/pages\/187\"><input type=\"hidden\" name=\"url_referer\" value=\"\"><button type=\"submit\" name=\"wpforms[submit]\" id=\"wpforms-submit-221\" class=\"wpforms-submit\" data-alt-text=\"Envoi...\" data-submit-text=\"Envoyer\" aria-live=\"assertive\" value=\"wpforms-submit\">Envoyer<\/button><img decoding=\"async\" src=\"https:\/\/globalcustomersynergy.com\/wp-content\/plugins\/wpforms-lite\/assets\/images\/submit-spin.svg\" class=\"wpforms-submit-spinner\" style=\"display: none;\" width=\"26\" height=\"26\" alt=\"Chargement en cours\"><\/div><\/form><\/div>  <!-- .wpforms-container -->\t\t\t\t<\/div>\n\t\t\t\t<\/div>\n\t\t\t\t\t<\/div>\n\t\t\t\t<\/div>\n\t\t\t\t<\/div>\n\t\t","protected":false},"excerpt":{"rendered":"<p>Veuillez activer JavaScript dans votre navigateur pour remplir ce formulaire.Veuillez activer JavaScript dans votre navigateur pour remplir ce formulaire.Nom et Pr\u00e9nom(s) *T\u00e9l\u00e9phone *E-mail *Type de besoin *Formation \u00e9vacuation b\u00e2timentFormation maniement d&#039;extincteurServices d&#039;entretien \/ installationFournitures d&#039;\u00e9quipements de protection contres les incendiesFournitures d&#039;\u00e9quipements commerciaux et industrielsAutres besoinsType de B\u00e2timentR\u00e9sidentielCommercialInstitutionnelIndustrielAutreEmplacement du b\u00e2timentAutres d\u00e9tails Envoyer<\/p>\n","protected":false},"author":1,"featured_media":0,"parent":0,"menu_order":0,"comment_status":"closed","ping_status":"closed","template":"","meta":{"saved_in_kubio":false,"footnotes":""},"class_list":["post-187","page","type-page","status-publish","hentry","entry"],"kubio_ai_page_context":{"short_desc":"","purpose":"general"},"_links":{"self":[{"href":"https:\/\/globalcustomersynergy.com\/index.php\/wp-json\/wp\/v2\/pages\/187","targetHints":{"allow":["GET"]}}],"collection":[{"href":"https:\/\/globalcustomersynergy.com\/index.php\/wp-json\/wp\/v2\/pages"}],"about":[{"href":"https:\/\/globalcustomersynergy.com\/index.php\/wp-json\/wp\/v2\/types\/page"}],"author":[{"embeddable":true,"href":"https:\/\/globalcustomersynergy.com\/index.php\/wp-json\/wp\/v2\/users\/1"}],"replies":[{"embeddable":true,"href":"https:\/\/globalcustomersynergy.com\/index.php\/wp-json\/wp\/v2\/comments?post=187"}],"version-history":[{"count":4,"href":"https:\/\/globalcustomersynergy.com\/index.php\/wp-json\/wp\/v2\/pages\/187\/revisions"}],"predecessor-version":[{"id":238,"href":"https:\/\/globalcustomersynergy.com\/index.php\/wp-json\/wp\/v2\/pages\/187\/revisions\/238"}],"wp:attachment":[{"href":"https:\/\/globalcustomersynergy.com\/index.php\/wp-json\/wp\/v2\/media?parent=187"}],"curies":[{"name":"wp","href":"https:\/\/api.w.org\/{rel}","templated":true}]}}