{"id":167,"date":"2024-10-14T05:13:24","date_gmt":"2024-10-14T05:13:24","guid":{"rendered":"https:\/\/globalcustomersynergy.com\/?page_id=167"},"modified":"2024-10-14T11:00:36","modified_gmt":"2024-10-14T11:00:36","slug":"accueil","status":"publish","type":"page","link":"https:\/\/globalcustomersynergy.com\/","title":{"rendered":"Accueil"},"content":{"rendered":"\t\t<div data-elementor-type=\"wp-page\" data-elementor-id=\"167\" class=\"elementor elementor-167\">\n\t\t\t\t<div class=\"elementor-element elementor-element-e8a27d3 e-flex e-con-boxed e-con e-parent\" data-id=\"e8a27d3\" data-element_type=\"container\" data-e-type=\"container\">\n\t\t\t\t\t<div class=\"e-con-inner\">\n\t\t\t\t<div class=\"elementor-element elementor-element-c3d5d95 elementor-widget elementor-widget-heading\" data-id=\"c3d5d95\" data-element_type=\"widget\" data-e-type=\"widget\" data-widget_type=\"heading.default\">\n\t\t\t\t<div class=\"elementor-widget-container\">\n\t\t\t\t\t<h2 class=\"elementor-heading-title elementor-size-default\">Votre s\u00e9curit\u00e9, notre synergie : GLOBAL CUSTOMER SYNERGY, le partenaire de confiance pour une protection incendie compl\u00e8te et sur mesure.<\/h2>\t\t\t\t<\/div>\n\t\t\t\t<\/div>\n\t\t\t\t\t<\/div>\n\t\t\t\t<\/div>\n\t\t<div class=\"elementor-element elementor-element-935c5ce e-grid e-con-boxed e-con e-parent\" data-id=\"935c5ce\" data-element_type=\"container\" data-e-type=\"container\">\n\t\t\t\t\t<div class=\"e-con-inner\">\n\t\t\t\t<div class=\"elementor-element elementor-element-c957955 elementor-widget elementor-widget-image\" data-id=\"c957955\" data-element_type=\"widget\" data-e-type=\"widget\" data-widget_type=\"image.default\">\n\t\t\t\t<div class=\"elementor-widget-container\">\n\t\t\t\t\t\t\t\t\t\t\t\t\t\t\t<img fetchpriority=\"high\" decoding=\"async\" width=\"750\" height=\"1000\" src=\"https:\/\/globalcustomersynergy.com\/wp-content\/uploads\/2024\/10\/IMG_20190725_080754.png\" class=\"attachment-large size-large wp-image-272\" alt=\"\" srcset=\"https:\/\/globalcustomersynergy.com\/wp-content\/uploads\/2024\/10\/IMG_20190725_080754.png 750w, https:\/\/globalcustomersynergy.com\/wp-content\/uploads\/2024\/10\/IMG_20190725_080754-225x300.png 225w\" sizes=\"(max-width: 750px) 100vw, 750px\" \/>\t\t\t\t\t\t\t\t\t\t\t\t\t\t\t<\/div>\n\t\t\t\t<\/div>\n\t\t\t\t<div class=\"elementor-element elementor-element-2e23b7b elementor-widget elementor-widget-image\" data-id=\"2e23b7b\" data-element_type=\"widget\" data-e-type=\"widget\" data-widget_type=\"image.default\">\n\t\t\t\t<div class=\"elementor-widget-container\">\n\t\t\t\t\t\t\t\t\t\t\t\t\t\t\t<img decoding=\"async\" width=\"767\" height=\"1024\" src=\"https:\/\/globalcustomersynergy.com\/wp-content\/uploads\/2024\/10\/IMG-20201123-WA0008-767x1024.jpg\" class=\"attachment-large size-large wp-image-312\" alt=\"\" srcset=\"https:\/\/globalcustomersynergy.com\/wp-content\/uploads\/2024\/10\/IMG-20201123-WA0008-767x1024.jpg 767w, https:\/\/globalcustomersynergy.com\/wp-content\/uploads\/2024\/10\/IMG-20201123-WA0008-225x300.jpg 225w, https:\/\/globalcustomersynergy.com\/wp-content\/uploads\/2024\/10\/IMG-20201123-WA0008-768x1025.jpg 768w, https:\/\/globalcustomersynergy.com\/wp-content\/uploads\/2024\/10\/IMG-20201123-WA0008.jpg 809w\" sizes=\"(max-width: 767px) 100vw, 767px\" \/>\t\t\t\t\t\t\t\t\t\t\t\t\t\t\t<\/div>\n\t\t\t\t<\/div>\n\t\t\t\t<div class=\"elementor-element elementor-element-a53b7fa elementor-widget elementor-widget-image\" data-id=\"a53b7fa\" data-element_type=\"widget\" data-e-type=\"widget\" data-widget_type=\"image.default\">\n\t\t\t\t<div class=\"elementor-widget-container\">\n\t\t\t\t\t\t\t\t\t\t\t\t\t\t\t<img decoding=\"async\" width=\"768\" height=\"1024\" src=\"https:\/\/globalcustomersynergy.com\/wp-content\/uploads\/2024\/10\/IMG-20201123-WA0010-768x1024.jpg\" class=\"attachment-large size-large wp-image-314\" alt=\"\" srcset=\"https:\/\/globalcustomersynergy.com\/wp-content\/uploads\/2024\/10\/IMG-20201123-WA0010-768x1024.jpg 768w, https:\/\/globalcustomersynergy.com\/wp-content\/uploads\/2024\/10\/IMG-20201123-WA0010-225x300.jpg 225w, https:\/\/globalcustomersynergy.com\/wp-content\/uploads\/2024\/10\/IMG-20201123-WA0010.jpg 780w\" sizes=\"(max-width: 768px) 100vw, 768px\" \/>\t\t\t\t\t\t\t\t\t\t\t\t\t\t\t<\/div>\n\t\t\t\t<\/div>\n\t\t\t\t\t<\/div>\n\t\t\t\t<\/div>\n\t\t<div class=\"elementor-element elementor-element-2951dd9 e-flex e-con-boxed e-con e-parent\" data-id=\"2951dd9\" data-element_type=\"container\" data-e-type=\"container\">\n\t\t\t\t\t<div class=\"e-con-inner\">\n\t\t\t\t<div class=\"elementor-element elementor-element-d33aeb7 elementor-widget elementor-widget-heading\" data-id=\"d33aeb7\" data-element_type=\"widget\" data-e-type=\"widget\" data-widget_type=\"heading.default\">\n\t\t\t\t<div class=\"elementor-widget-container\">\n\t\t\t\t\t<h2 class=\"elementor-heading-title elementor-size-default\">Plus de 10 ans au service de la fourniture de la s\u00e9curit\u00e9 incendie, de la maintenance et du courtage d'affaires en C\u00f4te d'Ivoire !<\/h2>\t\t\t\t<\/div>\n\t\t\t\t<\/div>\n\t\t\t\t\t<\/div>\n\t\t\t\t<\/div>\n\t\t<div class=\"elementor-element elementor-element-a68ce24 e-flex e-con-boxed e-con e-parent\" data-id=\"a68ce24\" data-element_type=\"container\" data-e-type=\"container\">\n\t\t\t\t\t<div class=\"e-con-inner\">\n\t\t\t\t<div class=\"elementor-element elementor-element-92c62bb elementor-widget elementor-widget-text-editor\" data-id=\"92c62bb\" data-element_type=\"widget\" data-e-type=\"widget\" data-widget_type=\"text-editor.default\">\n\t\t\t\t<div class=\"elementor-widget-container\">\n\t\t\t\t\t\t\t\t\t<p><strong><font><font>GLOBAL CUSTOMER SYNERGY<\/font><\/font><\/strong><font><font> s&rsquo;engage \u00e0 offrir des solutions innovantes.<br><\/font><\/font><\/p>\n<p><font><font>Notre priorit\u00e9 est de d\u00e9passer les attentes de nos clients en proposant des solutions innovantes et adapt\u00e9es \u00e0 leurs besoins sp\u00e9cifiques. Que ce soit pour la <b>fourniture d&rsquo;\u00e9quipements de s\u00e9curit\u00e9 incendie, de syst\u00e8mes&nbsp; d&rsquo;alarme incendie, d&rsquo;extinction automatique<\/b>, ou pour faciliter vos transactions commerciales gr\u00e2ce \u00e0 nos <b>services de courtage<\/b>, nous garantissons des prestations fiables.<\/font><\/font><\/p>\n<p><font><font>En cr\u00e9ant <b>GLOBAL CUSTOMER SYNERGY<\/b>, vous optez pour un partenaire de confiance qui s&rsquo;engage \u00e0 fournir des services personnalis\u00e9s et un suivi rigoureux de vos projets. Contactez-nous d\u00e8s aujourd&rsquo;hui pour d\u00e9couvrir comment nous pouvons vous accompagner. Nous sommes fiers de servir une client\u00e8le prestigieuse \u00e0 travers la C\u00f4te d&rsquo;Ivoire, en assurant un service de proximit\u00e9 et une expertise dans tous les secteurs cl\u00e9s de l&rsquo;\u00e9conomie.<\/font><\/font><\/p>\t\t\t\t\t\t\t\t<\/div>\n\t\t\t\t<\/div>\n\t\t\t\t\t<\/div>\n\t\t\t\t<\/div>\n\t\t\t\t<\/div>\n\t\t","protected":false},"excerpt":{"rendered":"<p>Votre s\u00e9curit\u00e9, notre synergie : GLOBAL CUSTOMER SYNERGY, le partenaire de confiance pour une protection incendie compl\u00e8te et sur mesure. Plus de 10 ans au service de la fourniture de la s\u00e9curit\u00e9 incendie, de la maintenance et du courtage d&rsquo;affaires en C\u00f4te d&rsquo;Ivoire ! GLOBAL CUSTOMER SYNERGY s&rsquo;engage \u00e0 offrir des solutions innovantes. Notre priorit\u00e9 [&hellip;]<\/p>\n","protected":false},"author":1,"featured_media":0,"parent":0,"menu_order":0,"comment_status":"closed","ping_status":"closed","template":"","meta":{"saved_in_kubio":false,"footnotes":""},"class_list":["post-167","page","type-page","status-publish","hentry","entry"],"kubio_ai_page_context":{"short_desc":"","purpose":"general"},"_links":{"self":[{"href":"https:\/\/globalcustomersynergy.com\/index.php\/wp-json\/wp\/v2\/pages\/167","targetHints":{"allow":["GET"]}}],"collection":[{"href":"https:\/\/globalcustomersynergy.com\/index.php\/wp-json\/wp\/v2\/pages"}],"about":[{"href":"https:\/\/globalcustomersynergy.com\/index.php\/wp-json\/wp\/v2\/types\/page"}],"author":[{"embeddable":true,"href":"https:\/\/globalcustomersynergy.com\/index.php\/wp-json\/wp\/v2\/users\/1"}],"replies":[{"embeddable":true,"href":"https:\/\/globalcustomersynergy.com\/index.php\/wp-json\/wp\/v2\/comments?post=167"}],"version-history":[{"count":17,"href":"https:\/\/globalcustomersynergy.com\/index.php\/wp-json\/wp\/v2\/pages\/167\/revisions"}],"predecessor-version":[{"id":364,"href":"https:\/\/globalcustomersynergy.com\/index.php\/wp-json\/wp\/v2\/pages\/167\/revisions\/364"}],"wp:attachment":[{"href":"https:\/\/globalcustomersynergy.com\/index.php\/wp-json\/wp\/v2\/media?parent=167"}],"curies":[{"name":"wp","href":"https:\/\/api.w.org\/{rel}","templated":true}]}}